{"id":2,"date":"2022-04-20T05:43:32","date_gmt":"2022-04-20T05:43:32","guid":{"rendered":"https:\/\/hebammeanny.de\/?page_id=2"},"modified":"2022-09-13T15:46:39","modified_gmt":"2022-09-13T15:46:39","slug":"hebamme-anny","status":"publish","type":"page","link":"https:\/\/hebammeanny.de\/","title":{"rendered":"Hebamme Anny"},"content":{"rendered":"<p>[et_pb_section fb_built=&#8220;1&#8243; _builder_version=&#8220;4.18.0&#8243; custom_padding=&#8220;10px||10px||false|false&#8220; global_colors_info=&#8220;{}&#8220;][et_pb_row _builder_version=&#8220;4.18.0&#8243; background_size=&#8220;initial&#8220; background_position=&#8220;top_left&#8220; background_repeat=&#8220;repeat&#8220; custom_margin=&#8220;||||false|false&#8220; global_colors_info=&#8220;{}&#8220;][et_pb_column type=&#8220;4_4&#8243; _builder_version=&#8220;4.16&#8243; custom_padding=&#8220;|||&#8220; global_colors_info=&#8220;{}&#8220; custom_padding__hover=&#8220;|||&#8220;][et_pb_text _builder_version=&#8220;4.18.0&#8243; background_size=&#8220;initial&#8220; background_position=&#8220;top_left&#8220; background_repeat=&#8220;repeat&#8220; global_colors_info=&#8220;{}&#8220;]<\/p>\n<div class=\"page\" title=\"Page 1\">\n<div class=\"layoutArea\">\n<div class=\"column\">\n<h2 style=\"text-align: left;\"><span>Hallo meine Liebe und herzlich Willkommen auf meiner Seite!<br \/><\/span><\/h2>\n<\/div>\n<\/div>\n<\/div>\n<p><!-- \/divi:paragraph --><\/p>\n<p>[\/et_pb_text][\/et_pb_column][\/et_pb_row][et_pb_row _builder_version=&#8220;4.18.0&#8243; _module_preset=&#8220;default&#8220; global_colors_info=&#8220;{}&#8220;][et_pb_column type=&#8220;4_4&#8243; _builder_version=&#8220;4.18.0&#8243; _module_preset=&#8220;default&#8220; background_image=&#8220;https:\/\/hebammeanny.de\/wp-content\/uploads\/2022\/09\/PHOTO-2022-09-08-13-50-22.jpg&#8220; background_position=&#8220;top_center&#8220; global_colors_info=&#8220;{}&#8220;][et_pb_text _builder_version=&#8220;4.18.0&#8243; _module_preset=&#8220;default&#8220; text_text_color=&#8220;#FFFFFF&#8220; width=&#8220;100%&#8220; max_width=&#8220;100%&#8220; module_alignment=&#8220;center&#8220; custom_margin=&#8220;500px|0px||0px|false|false&#8220; custom_padding=&#8220;0px|15px|15px|15px|false|false&#8220; global_colors_info=&#8220;{}&#8220;]<\/p>\n<p><span>Ich bin Anny und bin seit 2021 Hebamme! Vor dir und deiner kleinen Familie liegt nun vermutlich die aufregendste Zeit, in welcher ich euch gerne begleiten mo\u0308chte.<br \/>Du erfa\u0308hrst hier ganz viel u\u0308ber mich und meine Arbeit. Klick dich doch gerne einfach mal durch und danach freue ich mich, von dir zu ho\u0308ren!<\/span><\/p>\n<p>[\/et_pb_text][\/et_pb_column][\/et_pb_row][et_pb_row _builder_version=&#8220;4.18.0&#8243; _module_preset=&#8220;default&#8220; global_colors_info=&#8220;{}&#8220;][et_pb_column type=&#8220;4_4&#8243; _builder_version=&#8220;4.18.0&#8243; _module_preset=&#8220;default&#8220; global_colors_info=&#8220;{}&#8220;][et_pb_text _builder_version=&#8220;4.18.0&#8243; _module_preset=&#8220;default&#8220; global_colors_info=&#8220;{}&#8220;]<\/p>\n\r\n<div id=\"sb_instagram\"  class=\"sbi sbi_mob_col_1 sbi_tab_col_3 sbi_col_3 sbi_width_resp\" style=\"padding-bottom: 10px;\" data-feedid=\"*3\"  data-res=\"auto\" data-cols=\"3\" data-colsmobile=\"1\" data-colstablet=\"3\" data-num=\"6\" data-nummobile=\"3\" data-shortcode-atts=\"{&quot;feed&quot;:&quot;3&quot;}\"  data-postid=\"2\" data-locatornonce=\"424469f407\" data-sbi-flags=\"favorLocal\">\r\n\t<div class=\"sb_instagram_header  sbi_medium sbi_no_avatar\"  style=\"padding: 5px; margin-bottom: 10px;padding-bottom: 0;\" >\r\n\t<a href=\"https:\/\/www.instagram.com\/hebammeanny\/\" target=\"_blank\" rel=\"nofollow noopener\"  title=\"@hebammeanny\" class=\"sbi_header_link\">\r\n\t\t<div class=\"sbi_header_text sbi_no_bio\">\r\n\t\t\t\r\n\t\t\t<h3>hebammeanny<\/h3>\r\n\t\t\t\t\t<\/div>\r\n\r\n\t\t\t\t\t<div class=\"sbi_header_img\">\r\n\t\t\t\t\t\t\t\t\t\t\t\t\t<div class=\"sbi_header_hashtag_icon\"  ><svg class=\"sbi_new_logo fa-instagram fa-w-14\" aria-hidden=\"true\" data-fa-processed=\"\" aria-label=\"Instagram\" data-prefix=\"fab\" data-icon=\"instagram\" role=\"img\" viewBox=\"0 0 448 512\">\n\t                <path fill=\"currentColor\" d=\"M224.1 141c-63.6 0-114.9 51.3-114.9 114.9s51.3 114.9 114.9 114.9S339 319.5 339 255.9 287.7 141 224.1 141zm0 189.6c-41.1 0-74.7-33.5-74.7-74.7s33.5-74.7 74.7-74.7 74.7 33.5 74.7 74.7-33.6 74.7-74.7 74.7zm146.4-194.3c0 14.9-12 26.8-26.8 26.8-14.9 0-26.8-12-26.8-26.8s12-26.8 26.8-26.8 26.8 12 26.8 26.8zm76.1 27.2c-1.7-35.9-9.9-67.7-36.2-93.9-26.2-26.2-58-34.4-93.9-36.2-37-2.1-147.9-2.1-184.9 0-35.8 1.7-67.6 9.9-93.9 36.1s-34.4 58-36.2 93.9c-2.1 37-2.1 147.9 0 184.9 1.7 35.9 9.9 67.7 36.2 93.9s58 34.4 93.9 36.2c37 2.1 147.9 2.1 184.9 0 35.9-1.7 67.7-9.9 93.9-36.2 26.2-26.2 34.4-58 36.2-93.9 2.1-37 2.1-147.8 0-184.8zM398.8 388c-7.8 19.6-22.9 34.7-42.6 42.6-29.5 11.7-99.5 9-132.1 9s-102.7 2.6-132.1-9c-19.6-7.8-34.7-22.9-42.6-42.6-11.7-29.5-9-99.5-9-132.1s-2.6-102.7 9-132.1c7.8-19.6 22.9-34.7 42.6-42.6 29.5-11.7 99.5-9 132.1-9s102.7-2.6 132.1 9c19.6 7.8 34.7 22.9 42.6 42.6 11.7 29.5 9 99.5 9 132.1s2.7 102.7-9 132.1z\"><\/path>\n\t            <\/svg><\/div>\r\n\t\t\t\t\t\t\t<\/div>\r\n\t\t\r\n\t<\/a>\r\n<\/div>\r\n\r\n    <div id=\"sbi_images\"  style=\"padding: 5px;\">\r\n\t\t<div class=\"sbi_item sbi_type_carousel sbi_new sbi_transition\" id=\"sbi_17875988732867747\" data-date=\"1683279866\">\r\n    <div class=\"sbi_photo_wrap\">\r\n        <a class=\"sbi_photo\" href=\"https:\/\/www.instagram.com\/p\/Cr21ynaIrw9\/\" target=\"_blank\" rel=\"noopener nofollow\" data-full-res=\"https:\/\/scontent-fra3-1.cdninstagram.com\/v\/t51.29350-15\/344789618_641864951100303_7809963262444833055_n.jpg?_nc_cat=104&#038;ccb=1-7&#038;_nc_sid=8ae9d6&#038;_nc_ohc=bcvY5GXympUAX-MHS7v&#038;_nc_ht=scontent-fra3-1.cdninstagram.com&#038;edm=ANo9K5cEAAAA&#038;oh=00_AfBKi-vif7C8XgH5aNpsGSfVcbcmjyio2cL4DdoJVQ5uwg&#038;oe=647450EC\" data-img-src-set=\"{&quot;d&quot;:&quot;https:\\\/\\\/scontent-fra3-1.cdninstagram.com\\\/v\\\/t51.29350-15\\\/344789618_641864951100303_7809963262444833055_n.jpg?_nc_cat=104&amp;ccb=1-7&amp;_nc_sid=8ae9d6&amp;_nc_ohc=bcvY5GXympUAX-MHS7v&amp;_nc_ht=scontent-fra3-1.cdninstagram.com&amp;edm=ANo9K5cEAAAA&amp;oh=00_AfBKi-vif7C8XgH5aNpsGSfVcbcmjyio2cL4DdoJVQ5uwg&amp;oe=647450EC&quot;,&quot;150&quot;:&quot;https:\\\/\\\/scontent-fra3-1.cdninstagram.com\\\/v\\\/t51.29350-15\\\/344789618_641864951100303_7809963262444833055_n.jpg?_nc_cat=104&amp;ccb=1-7&amp;_nc_sid=8ae9d6&amp;_nc_ohc=bcvY5GXympUAX-MHS7v&amp;_nc_ht=scontent-fra3-1.cdninstagram.com&amp;edm=ANo9K5cEAAAA&amp;oh=00_AfBKi-vif7C8XgH5aNpsGSfVcbcmjyio2cL4DdoJVQ5uwg&amp;oe=647450EC&quot;,&quot;320&quot;:&quot;https:\\\/\\\/scontent-fra3-1.cdninstagram.com\\\/v\\\/t51.29350-15\\\/344789618_641864951100303_7809963262444833055_n.jpg?_nc_cat=104&amp;ccb=1-7&amp;_nc_sid=8ae9d6&amp;_nc_ohc=bcvY5GXympUAX-MHS7v&amp;_nc_ht=scontent-fra3-1.cdninstagram.com&amp;edm=ANo9K5cEAAAA&amp;oh=00_AfBKi-vif7C8XgH5aNpsGSfVcbcmjyio2cL4DdoJVQ5uwg&amp;oe=647450EC&quot;,&quot;640&quot;:&quot;https:\\\/\\\/scontent-fra3-1.cdninstagram.com\\\/v\\\/t51.29350-15\\\/344789618_641864951100303_7809963262444833055_n.jpg?_nc_cat=104&amp;ccb=1-7&amp;_nc_sid=8ae9d6&amp;_nc_ohc=bcvY5GXympUAX-MHS7v&amp;_nc_ht=scontent-fra3-1.cdninstagram.com&amp;edm=ANo9K5cEAAAA&amp;oh=00_AfBKi-vif7C8XgH5aNpsGSfVcbcmjyio2cL4DdoJVQ5uwg&amp;oe=647450EC&quot;}\">\r\n            <span class=\"sbi-screenreader\">05.05. Welt-Hebammentag \n\nEs erf\u00fcllt mich immer n<\/span>\r\n            <svg class=\"svg-inline--fa fa-clone fa-w-16 sbi_lightbox_carousel_icon\" aria-hidden=\"true\" aria-label=\"Clone\" data-fa-pro\u0192cessed=\"\" data-prefix=\"far\" data-icon=\"clone\" role=\"img\" xmlns=\"http:\/\/www.w3.org\/2000\/svg\" viewBox=\"0 0 512 512\">\n\t                <path fill=\"currentColor\" d=\"M464 0H144c-26.51 0-48 21.49-48 48v48H48c-26.51 0-48 21.49-48 48v320c0 26.51 21.49 48 48 48h320c26.51 0 48-21.49 48-48v-48h48c26.51 0 48-21.49 48-48V48c0-26.51-21.49-48-48-48zM362 464H54a6 6 0 0 1-6-6V150a6 6 0 0 1 6-6h42v224c0 26.51 21.49 48 48 48h224v42a6 6 0 0 1-6 6zm96-96H150a6 6 0 0 1-6-6V54a6 6 0 0 1 6-6h308a6 6 0 0 1 6 6v308a6 6 0 0 1-6 6z\"><\/path>\n\t            <\/svg>\t                    <img decoding=\"async\" src=\"https:\/\/hebammeanny.de\/wp-content\/plugins\/instagram-feed\/img\/placeholder.png\" alt=\"05.05. Welt-Hebammentag \n\nEs erf\u00fcllt mich immer noch mit Stolz, Ehre und Dankbarkeit, das Privileg zu haben, Frauen auf dem Weg des Mutter-Werdens begleiten zu d\u00fcrfen. \nHebamme sein ist eine Berufung, es ist eine Entscheidung und es ist an ganz vielen Tagen auch eine Herausforderung. Berufspolitisch muss noch ganz viel geschehen, damit unser Gesundheitssystem renoviert und eben speziell unser Hebammenmangel ausgeglichen werden kann. Dazu gibt es so viel sagen und ich werde den ein oder anderen Beitrag auch noch in der Story teilen. \nAber hier unter meinem Beitrag m\u00f6chte ich einfach nur dem\u00fctig den Frauen und Familien gegen\u00fcber sein, die ich die letzten Jahre begleiten, kennenlernen, Ratschl\u00e4ge geben, ein L\u00e4cheln schenken oder eben sogar ihr kleines Gl\u00fcck in die Arme \u00fcbergeben durfte. \nHebamme zu werden ist der sch\u00f6nste Traum, den ich mir je erf\u00fcllt habe \ud83e\udd0d\n\nBild 1&amp;5 sind von der lieben @annarosemoments \ud83e\udef6\ud83c\udffd\">\r\n        <\/a>\r\n    <\/div>\r\n<\/div><div class=\"sbi_item sbi_type_image sbi_new sbi_transition\" id=\"sbi_17955319942880058\" data-date=\"1655752987\">\r\n    <div class=\"sbi_photo_wrap\">\r\n        <a class=\"sbi_photo\" href=\"https:\/\/www.instagram.com\/p\/CfCebzPI0ZL\/\" target=\"_blank\" rel=\"noopener nofollow\" data-full-res=\"https:\/\/scontent-fra5-2.cdninstagram.com\/v\/t51.29350-15\/289159938_5087444204711559_2145398967939636634_n.jpg?_nc_cat=106&#038;ccb=1-7&#038;_nc_sid=8ae9d6&#038;_nc_ohc=1iWAgSfCA_cAX8D_Dt-&#038;_nc_ht=scontent-fra5-2.cdninstagram.com&#038;edm=ANo9K5cEAAAA&#038;oh=00_AfDSI16WEsl-ou45biG7CH-4g1VTRcuuy9KPzx6AHUjFtw&#038;oe=647454A4\" data-img-src-set=\"{&quot;d&quot;:&quot;https:\\\/\\\/scontent-fra5-2.cdninstagram.com\\\/v\\\/t51.29350-15\\\/289159938_5087444204711559_2145398967939636634_n.jpg?_nc_cat=106&amp;ccb=1-7&amp;_nc_sid=8ae9d6&amp;_nc_ohc=1iWAgSfCA_cAX8D_Dt-&amp;_nc_ht=scontent-fra5-2.cdninstagram.com&amp;edm=ANo9K5cEAAAA&amp;oh=00_AfDSI16WEsl-ou45biG7CH-4g1VTRcuuy9KPzx6AHUjFtw&amp;oe=647454A4&quot;,&quot;150&quot;:&quot;https:\\\/\\\/scontent-fra5-2.cdninstagram.com\\\/v\\\/t51.29350-15\\\/289159938_5087444204711559_2145398967939636634_n.jpg?_nc_cat=106&amp;ccb=1-7&amp;_nc_sid=8ae9d6&amp;_nc_ohc=1iWAgSfCA_cAX8D_Dt-&amp;_nc_ht=scontent-fra5-2.cdninstagram.com&amp;edm=ANo9K5cEAAAA&amp;oh=00_AfDSI16WEsl-ou45biG7CH-4g1VTRcuuy9KPzx6AHUjFtw&amp;oe=647454A4&quot;,&quot;320&quot;:&quot;https:\\\/\\\/scontent-fra5-2.cdninstagram.com\\\/v\\\/t51.29350-15\\\/289159938_5087444204711559_2145398967939636634_n.jpg?_nc_cat=106&amp;ccb=1-7&amp;_nc_sid=8ae9d6&amp;_nc_ohc=1iWAgSfCA_cAX8D_Dt-&amp;_nc_ht=scontent-fra5-2.cdninstagram.com&amp;edm=ANo9K5cEAAAA&amp;oh=00_AfDSI16WEsl-ou45biG7CH-4g1VTRcuuy9KPzx6AHUjFtw&amp;oe=647454A4&quot;,&quot;640&quot;:&quot;https:\\\/\\\/scontent-fra5-2.cdninstagram.com\\\/v\\\/t51.29350-15\\\/289159938_5087444204711559_2145398967939636634_n.jpg?_nc_cat=106&amp;ccb=1-7&amp;_nc_sid=8ae9d6&amp;_nc_ohc=1iWAgSfCA_cAX8D_Dt-&amp;_nc_ht=scontent-fra5-2.cdninstagram.com&amp;edm=ANo9K5cEAAAA&amp;oh=00_AfDSI16WEsl-ou45biG7CH-4g1VTRcuuy9KPzx6AHUjFtw&amp;oe=647454A4&quot;}\">\r\n            <span class=\"sbi-screenreader\">Das war ich heute Morgen zu Beginn meines 12 Stund<\/span>\r\n            \t                    <img decoding=\"async\" src=\"https:\/\/hebammeanny.de\/wp-content\/plugins\/instagram-feed\/img\/placeholder.png\" alt=\"Das war ich heute Morgen zu Beginn meines 12 Stunden Dienstes. \nAls ich 19:30 Uhr den Krei\u00dfsaal verlassen habe, sah ich- sagen wir mal- nicht mehr ganz so frisch aus \ud83d\ude05\nWarum? \nAlleine im Krei\u00dfsaal, keine Pause, einen kalten Kaffee im Laufen getrunken, nicht einen Bissen gegessen, mal wieder Hebamme, Reinigungskraft, B\u00fcroangestellte, Masseurin, Laufbursche und telefonischer Beratungsdienst in einer Person. \nUnd soll ich Euch noch was verraten? \nEs war mal wieder ein Tag, an dem ich genau gesp\u00fcrt habe, warum ich diesen Beruf so sehr liebe.\nTrotz dem ganzen Trubel, der tags\u00fcber eben so in einem Krei\u00dfsaal abl\u00e4uft, durfte ich eine wundervolle Geburt begleiten. Ich m\u00f6chte fast sagen, es war die sch\u00f6nste.\n \nIch durfte dabei sein, als ein junges Paar zu einer Familie wurde. Wir haben alle auf Augenh\u00f6he zusammen auf den Moment hin gearbeitet, in dem das Baby endlich im Arm der Eltern liegen konnte. Selbstbestimmt, liebevoll und empathisch. \nJede Geburt ist etwas ganz besonderes und immer wieder wundervoll. Aber dass ich w\u00e4hrend einer Geburt 3 Mal (!!!!) vor Freude und Ber\u00fchrung weinen musste, hatte ich auch noch nicht. \nBei all dem Negativen, womit man sich leider so oft rund um die Themen Geburt, Hebammenmangel, Traumata und so weiter besch\u00e4ftigen muss, wollte ich das, ohne gro\u00df ins Detail zu gehen, einfach mal mit Euch Teilen. \nUnd ich w\u00fcnsche mir, dass jeder mal die Chance hat, so etwas magisches zu erleben, wie L, P, Baby H und ich heute \ud83e\udd0d\n.\n.\n.\n.\n.\n.\n#hebamme #geburt #geburtsbericht #midwife #midwifery #mama #baby #schwanger #schwangerschaft #wochenbett\">\r\n        <\/a>\r\n    <\/div>\r\n<\/div><div class=\"sbi_item sbi_type_image sbi_new sbi_transition\" id=\"sbi_17937182159110147\" data-date=\"1653483278\">\r\n    <div class=\"sbi_photo_wrap\">\r\n        <a class=\"sbi_photo\" href=\"https:\/\/www.instagram.com\/p\/Cd-1TwtopPg\/\" target=\"_blank\" rel=\"noopener nofollow\" data-full-res=\"https:\/\/scontent-fra5-1.cdninstagram.com\/v\/t51.29350-15\/283520469_556257339354184_9166042186714969369_n.jpg?_nc_cat=102&#038;ccb=1-7&#038;_nc_sid=8ae9d6&#038;_nc_ohc=sN4KEZZJdv4AX_4E8nI&#038;_nc_ht=scontent-fra5-1.cdninstagram.com&#038;edm=ANo9K5cEAAAA&#038;oh=00_AfCMLJNrYKooPyxncvFjU1rdHdCzEbQd4l00_ucMOJjbUg&#038;oe=647314C2\" data-img-src-set=\"{&quot;d&quot;:&quot;https:\\\/\\\/scontent-fra5-1.cdninstagram.com\\\/v\\\/t51.29350-15\\\/283520469_556257339354184_9166042186714969369_n.jpg?_nc_cat=102&amp;ccb=1-7&amp;_nc_sid=8ae9d6&amp;_nc_ohc=sN4KEZZJdv4AX_4E8nI&amp;_nc_ht=scontent-fra5-1.cdninstagram.com&amp;edm=ANo9K5cEAAAA&amp;oh=00_AfCMLJNrYKooPyxncvFjU1rdHdCzEbQd4l00_ucMOJjbUg&amp;oe=647314C2&quot;,&quot;150&quot;:&quot;https:\\\/\\\/scontent-fra5-1.cdninstagram.com\\\/v\\\/t51.29350-15\\\/283520469_556257339354184_9166042186714969369_n.jpg?_nc_cat=102&amp;ccb=1-7&amp;_nc_sid=8ae9d6&amp;_nc_ohc=sN4KEZZJdv4AX_4E8nI&amp;_nc_ht=scontent-fra5-1.cdninstagram.com&amp;edm=ANo9K5cEAAAA&amp;oh=00_AfCMLJNrYKooPyxncvFjU1rdHdCzEbQd4l00_ucMOJjbUg&amp;oe=647314C2&quot;,&quot;320&quot;:&quot;https:\\\/\\\/scontent-fra5-1.cdninstagram.com\\\/v\\\/t51.29350-15\\\/283520469_556257339354184_9166042186714969369_n.jpg?_nc_cat=102&amp;ccb=1-7&amp;_nc_sid=8ae9d6&amp;_nc_ohc=sN4KEZZJdv4AX_4E8nI&amp;_nc_ht=scontent-fra5-1.cdninstagram.com&amp;edm=ANo9K5cEAAAA&amp;oh=00_AfCMLJNrYKooPyxncvFjU1rdHdCzEbQd4l00_ucMOJjbUg&amp;oe=647314C2&quot;,&quot;640&quot;:&quot;https:\\\/\\\/scontent-fra5-1.cdninstagram.com\\\/v\\\/t51.29350-15\\\/283520469_556257339354184_9166042186714969369_n.jpg?_nc_cat=102&amp;ccb=1-7&amp;_nc_sid=8ae9d6&amp;_nc_ohc=sN4KEZZJdv4AX_4E8nI&amp;_nc_ht=scontent-fra5-1.cdninstagram.com&amp;edm=ANo9K5cEAAAA&amp;oh=00_AfCMLJNrYKooPyxncvFjU1rdHdCzEbQd4l00_ucMOJjbUg&amp;oe=647314C2&quot;}\">\r\n            <span class=\"sbi-screenreader\">\u2022 Mein Weg zur Hebamme \u2022\n\nBei jeder Geburtstag<\/span>\r\n            \t                    <img decoding=\"async\" src=\"https:\/\/hebammeanny.de\/wp-content\/plugins\/instagram-feed\/img\/placeholder.png\" alt=\"\u2022 Mein Weg zur Hebamme \u2022\n\nBei jeder Geburtstagsfeier in meiner Familie wird irgendwann immer ein kleiner Geburtsbericht von der Mama des Geburtstagskindes angeschnitten. \n\u201cJetzt gerade vor X Jahren bin ich mit Wehen in den Krei\u00dfsaal gefahren\u201d \n\u201cUm diese Zeit hatte ich schon Presswehen\u201d\nIch h\u00f6rte dabei schon immer ganz gespannt zu und stellte Fragen \u00fcber Fragen.\nIrgendwann dachte ich dann: Wenn mich das Thema doch so brennend interessiert: Wieso werde ich dann eigentlich nicht Hebamme? \n\nIch absolvierte Praktika im Krankenhaus, las gespannt B\u00fccher, begleitete eine freiberufliche Hebamme, und und und. \nIch beendete in der Zeit mein Abitur und startete dann tats\u00e4chlich mit frisch gebackenen 18 Jahren 2018 meine Ausbildung zur Hebamme in einer der gr\u00f6\u00dften Kliniken in Th\u00fcringen.\nMit riesiger Vorfreude und voller Tatendrang ging es los\u2026 \n\nAber dann gab es erstmal gewaltig eins auf den Deckel.\nMein erster Dienst: Nachtdienst am Samstag, als einzige Sch\u00fclerin im Krei\u00dfsaal, keine Ahnung, was man hier \u00fcberhaupt soll, Hebammen, die offensichtlich genau so \u00fcberfordert mit uns Sch\u00fclerinnen waren, wie wir mit ihnen, eine Ober\u00e4rztin, die mich im ersten Dienst fragt, wie man nicht wissen kann, wie man eine Naht eindeckt und all das ein ganzes St\u00fcck weg von zu Hause.\n\nAber Babies sind doch so niedlich, man hat nur mit gl\u00fccklichen Menschen zu tun und Hebammen sind doch sowieso immer die liebsten Menschen der Welt. Reality Check: war nicht ganz so.\nNach diesem D\u00e4mpfer habe ich schnell gelernt, dass \u201cAugen zu und durch\u201d wohl das beste Motto ist. \nUnd doch wurde es dank vieler sch\u00f6ner Geburten, toller Begegnungen und wundervollen Freundinnen eine spannende und pr\u00e4gende Zeit. \nIm September 2021 haben wir dann unsere lang ersehnte Berufserlaubnis in der Hand gehalten und:\nMan war ich stolz, dass ich das alles durchgehalten habe und es gut gemeistert habe. \n\nNach der Ausbildung habe ich mich dann selbstst\u00e4ndig gemacht und bin seitdem freiberufliche Hebamme f\u00fcr Schwangerenvorsorge, Wochenbettbetreuung, Stillberatung und Taping. Ohne Geburtshilfe geht es f\u00fcr mich im Moment trotzdem nicht und deshalb bin ich im Krei\u00dfsaal des @kkh_torgau t\u00e4tig.\n\nUnd ja: es ist immer noch mein Traumberuf \ud83e\udd0d\">\r\n        <\/a>\r\n    <\/div>\r\n<\/div><div class=\"sbi_item sbi_type_image sbi_new sbi_transition\" id=\"sbi_17949336262523200\" data-date=\"1630406230\">\r\n    <div class=\"sbi_photo_wrap\">\r\n        <a class=\"sbi_photo\" href=\"https:\/\/www.instagram.com\/p\/CTPFVWKr8WX\/\" target=\"_blank\" rel=\"noopener nofollow\" data-full-res=\"https:\/\/scontent-fra5-1.cdninstagram.com\/v\/t51.29350-15\/240859057_865295457459479_7826967037759617820_n.jpg?_nc_cat=111&#038;ccb=1-7&#038;_nc_sid=8ae9d6&#038;_nc_ohc=fQ6MRZH6-SQAX9zjo7W&#038;_nc_ht=scontent-fra5-1.cdninstagram.com&#038;edm=ANo9K5cEAAAA&#038;oh=00_AfCkfQRHN7VzUiqfcF_Fc2P9-DK3rUXyo0RZ84QU5l84ZA&#038;oe=64733C1B\" data-img-src-set=\"{&quot;d&quot;:&quot;https:\\\/\\\/scontent-fra5-1.cdninstagram.com\\\/v\\\/t51.29350-15\\\/240859057_865295457459479_7826967037759617820_n.jpg?_nc_cat=111&amp;ccb=1-7&amp;_nc_sid=8ae9d6&amp;_nc_ohc=fQ6MRZH6-SQAX9zjo7W&amp;_nc_ht=scontent-fra5-1.cdninstagram.com&amp;edm=ANo9K5cEAAAA&amp;oh=00_AfCkfQRHN7VzUiqfcF_Fc2P9-DK3rUXyo0RZ84QU5l84ZA&amp;oe=64733C1B&quot;,&quot;150&quot;:&quot;https:\\\/\\\/scontent-fra5-1.cdninstagram.com\\\/v\\\/t51.29350-15\\\/240859057_865295457459479_7826967037759617820_n.jpg?_nc_cat=111&amp;ccb=1-7&amp;_nc_sid=8ae9d6&amp;_nc_ohc=fQ6MRZH6-SQAX9zjo7W&amp;_nc_ht=scontent-fra5-1.cdninstagram.com&amp;edm=ANo9K5cEAAAA&amp;oh=00_AfCkfQRHN7VzUiqfcF_Fc2P9-DK3rUXyo0RZ84QU5l84ZA&amp;oe=64733C1B&quot;,&quot;320&quot;:&quot;https:\\\/\\\/scontent-fra5-1.cdninstagram.com\\\/v\\\/t51.29350-15\\\/240859057_865295457459479_7826967037759617820_n.jpg?_nc_cat=111&amp;ccb=1-7&amp;_nc_sid=8ae9d6&amp;_nc_ohc=fQ6MRZH6-SQAX9zjo7W&amp;_nc_ht=scontent-fra5-1.cdninstagram.com&amp;edm=ANo9K5cEAAAA&amp;oh=00_AfCkfQRHN7VzUiqfcF_Fc2P9-DK3rUXyo0RZ84QU5l84ZA&amp;oe=64733C1B&quot;,&quot;640&quot;:&quot;https:\\\/\\\/scontent-fra5-1.cdninstagram.com\\\/v\\\/t51.29350-15\\\/240859057_865295457459479_7826967037759617820_n.jpg?_nc_cat=111&amp;ccb=1-7&amp;_nc_sid=8ae9d6&amp;_nc_ohc=fQ6MRZH6-SQAX9zjo7W&amp;_nc_ht=scontent-fra5-1.cdninstagram.com&amp;edm=ANo9K5cEAAAA&amp;oh=00_AfCkfQRHN7VzUiqfcF_Fc2P9-DK3rUXyo0RZ84QU5l84ZA&amp;oe=64733C1B&quot;}\">\r\n            <span class=\"sbi-screenreader\">Ich bin Anny, 21 Jahre jung und frisch gebackene H<\/span>\r\n            \t                    <img decoding=\"async\" src=\"https:\/\/hebammeanny.de\/wp-content\/plugins\/instagram-feed\/img\/placeholder.png\" alt=\"Ich bin Anny, 21 Jahre jung und frisch gebackene Hebamme \ud83e\udd31\ud83c\udffc\ud83d\udcbc\nIch begleite Dich in der Schwangerschaft, betreue Dich und Dein Neugeborenes im Wochenbett, biete Stillberatung, sowie Taping f\u00fcr Mama und Kind an.\nAu\u00dferdem arbeite ich als Beleg-Hebamme im Krei\u00dfsaal in Torgau.\nWenn du also noch auf der Suche nach einer Hebamme bist, und im Umkreis von Torgau, Schildau oder Eilenburg wohnst, melde dich gern bei mir. \n\nTel.: 015258779205\nE-Mail: Hebamme.annywenzel@gmail.com\">\r\n        <\/a>\r\n    <\/div>\r\n<\/div>    <\/div>\r\n\r\n\t<div id=\"sbi_load\" >\r\n\r\n\t\r\n\t\t\t<span class=\"sbi_follow_btn sbi_custom\">\r\n        <a href=\"https:\/\/www.instagram.com\/hebammeanny\/\" style=\"background: rgb(64,139,209);\" target=\"_blank\" rel=\"nofollow noopener\">\r\n            <svg class=\"svg-inline--fa fa-instagram fa-w-14\" aria-hidden=\"true\" data-fa-processed=\"\" aria-label=\"Instagram\" data-prefix=\"fab\" data-icon=\"instagram\" role=\"img\" viewBox=\"0 0 448 512\">\n\t                <path fill=\"currentColor\" d=\"M224.1 141c-63.6 0-114.9 51.3-114.9 114.9s51.3 114.9 114.9 114.9S339 319.5 339 255.9 287.7 141 224.1 141zm0 189.6c-41.1 0-74.7-33.5-74.7-74.7s33.5-74.7 74.7-74.7 74.7 33.5 74.7 74.7-33.6 74.7-74.7 74.7zm146.4-194.3c0 14.9-12 26.8-26.8 26.8-14.9 0-26.8-12-26.8-26.8s12-26.8 26.8-26.8 26.8 12 26.8 26.8zm76.1 27.2c-1.7-35.9-9.9-67.7-36.2-93.9-26.2-26.2-58-34.4-93.9-36.2-37-2.1-147.9-2.1-184.9 0-35.8 1.7-67.6 9.9-93.9 36.1s-34.4 58-36.2 93.9c-2.1 37-2.1 147.9 0 184.9 1.7 35.9 9.9 67.7 36.2 93.9s58 34.4 93.9 36.2c37 2.1 147.9 2.1 184.9 0 35.9-1.7 67.7-9.9 93.9-36.2 26.2-26.2 34.4-58 36.2-93.9 2.1-37 2.1-147.8 0-184.8zM398.8 388c-7.8 19.6-22.9 34.7-42.6 42.6-29.5 11.7-99.5 9-132.1 9s-102.7 2.6-132.1-9c-19.6-7.8-34.7-22.9-42.6-42.6-11.7-29.5-9-99.5-9-132.1s-2.6-102.7 9-132.1c7.8-19.6 22.9-34.7 42.6-42.6 29.5-11.7 99.5-9 132.1-9s102.7-2.6 132.1 9c19.6 7.8 34.7 22.9 42.6 42.6 11.7 29.5 9 99.5 9 132.1s2.7 102.7-9 132.1z\"><\/path>\n\t            <\/svg>            <span>Auf Instagram folgen<\/span>\r\n        <\/a>\r\n    <\/span>\r\n\t\r\n<\/div>\r\n\r\n\t    <span class=\"sbi_resized_image_data\" data-feed-id=\"*3\" data-resized=\"{&quot;17955319942880058&quot;:{&quot;id&quot;:&quot;289159938_5087444204711559_2145398967939636634_n&quot;,&quot;ratio&quot;:&quot;0.80&quot;,&quot;sizes&quot;:{&quot;full&quot;:640,&quot;low&quot;:320,&quot;thumb&quot;:150}},&quot;17937182159110147&quot;:{&quot;id&quot;:&quot;283520469_556257339354184_9166042186714969369_n&quot;,&quot;ratio&quot;:&quot;0.90&quot;,&quot;sizes&quot;:{&quot;full&quot;:640,&quot;low&quot;:320,&quot;thumb&quot;:150}},&quot;17949336262523200&quot;:{&quot;id&quot;:&quot;240859057_865295457459479_7826967037759617820_n&quot;,&quot;ratio&quot;:&quot;1.00&quot;,&quot;sizes&quot;:{&quot;full&quot;:640,&quot;low&quot;:320,&quot;thumb&quot;:150}},&quot;17875988732867747&quot;:{&quot;id&quot;:&quot;344789618_641864951100303_7809963262444833055_n&quot;,&quot;ratio&quot;:&quot;0.80&quot;,&quot;sizes&quot;:{&quot;full&quot;:640,&quot;low&quot;:320,&quot;thumb&quot;:150}}}\">\n\t<\/span>\n\t<\/div>\r\n\r\n\n<p>[\/et_pb_text][\/et_pb_column][\/et_pb_row][\/et_pb_section][et_pb_section fb_built=&#8220;1&#8243; _builder_version=&#8220;4.18.0&#8243; _module_preset=&#8220;default&#8220; global_colors_info=&#8220;{}&#8220;][et_pb_row _builder_version=&#8220;4.18.0&#8243; _module_preset=&#8220;default&#8220; global_colors_info=&#8220;{}&#8220;][et_pb_column type=&#8220;4_4&#8243; _builder_version=&#8220;4.18.0&#8243; _module_preset=&#8220;default&#8220; global_colors_info=&#8220;{}&#8220;][et_pb_text _builder_version=&#8220;4.18.0&#8243; _module_preset=&#8220;default&#8220; hover_enabled=&#8220;0&#8243; sticky_enabled=&#8220;0&#8243;]<\/p>\n<h3>Impressionen<\/h3>\n<p>[\/et_pb_text][et_pb_gallery gallery_ids=&#8220;45,49,47,46,44,43,42,40&#8243; gallery_orderby=&#8220;rand&#8220; posts_number=&#8220;8&#8243; show_title_and_caption=&#8220;off&#8220; show_pagination=&#8220;off&#8220; _builder_version=&#8220;4.18.0&#8243; _module_preset=&#8220;default&#8220; global_colors_info=&#8220;{}&#8220;][\/et_pb_gallery][\/et_pb_column][\/et_pb_row][\/et_pb_section]<\/p>\n","protected":false},"excerpt":{"rendered":"<p>Hallo meine Liebe und herzlich Willkommen auf meiner Seite! Ich bin Anny und bin seit 2021 Hebamme! Vor dir und deiner kleinen Familie liegt nun vermutlich die aufregendste Zeit, in welcher ich euch gerne begleiten mo\u0308chte.Du erfa\u0308hrst hier ganz viel u\u0308ber mich und meine Arbeit. Klick dich doch gerne einfach mal durch und danach freue [&hellip;]<\/p>\n","protected":false},"author":1,"featured_media":0,"parent":0,"menu_order":0,"comment_status":"closed","ping_status":"closed","template":"","meta":{"_et_pb_use_builder":"on","_et_pb_old_content":"<!-- wp:paragraph -->\n<p>Willkommen auf der Website von Anny.<\/p>\n<!-- \/wp:paragraph -->\n\n<!-- wp:paragraph -->\n<p>Ich bin bald da, bis bald!<\/p>\n<!-- \/wp:paragraph -->\n\n<!-- wp:paragraph -->\n<p>Anny<\/p>\n<!-- \/wp:paragraph -->","_et_gb_content_width":"","footnotes":""},"class_list":["post-2","page","type-page","status-publish","hentry"],"_links":{"self":[{"href":"https:\/\/hebammeanny.de\/index.php?rest_route=\/wp\/v2\/pages\/2","targetHints":{"allow":["GET"]}}],"collection":[{"href":"https:\/\/hebammeanny.de\/index.php?rest_route=\/wp\/v2\/pages"}],"about":[{"href":"https:\/\/hebammeanny.de\/index.php?rest_route=\/wp\/v2\/types\/page"}],"author":[{"embeddable":true,"href":"https:\/\/hebammeanny.de\/index.php?rest_route=\/wp\/v2\/users\/1"}],"replies":[{"embeddable":true,"href":"https:\/\/hebammeanny.de\/index.php?rest_route=%2Fwp%2Fv2%2Fcomments&post=2"}],"version-history":[{"count":31,"href":"https:\/\/hebammeanny.de\/index.php?rest_route=\/wp\/v2\/pages\/2\/revisions"}],"predecessor-version":[{"id":186,"href":"https:\/\/hebammeanny.de\/index.php?rest_route=\/wp\/v2\/pages\/2\/revisions\/186"}],"wp:attachment":[{"href":"https:\/\/hebammeanny.de\/index.php?rest_route=%2Fwp%2Fv2%2Fmedia&parent=2"}],"curies":[{"name":"wp","href":"https:\/\/api.w.org\/{rel}","templated":true}]}}